{"id":564,"date":"2024-11-30T20:46:10","date_gmt":"2024-11-30T20:46:10","guid":{"rendered":"https:\/\/www.desarte.es\/tienda-pc\/?post_type=product&#038;p=564"},"modified":"2024-12-02T12:28:26","modified_gmt":"2024-12-02T12:28:26","slug":"8_-hp-eb645g11-r5-7535u-pro-14-16-copia","status":"publish","type":"product","link":"https:\/\/www.desarte.es\/tienda-pc\/pc\/8_-hp-eb645g11-r5-7535u-pro-14-16-copia\/","title":{"rendered":"ThinkBook 16 Gen 7 (16&#8243; AMD)"},"content":{"rendered":"<p>Este port\u00e1til de 16\u2033 combina potencia, ergonom\u00eda y dise\u00f1o avanzado para tareas exigentes. Con un teclado num\u00e9rico, gr\u00e1ficos AMD Radeon\u2122 y un sistema t\u00e9rmico eficiente, ofrece un rendimiento impecable para an\u00e1lisis de datos, edici\u00f3n de v\u00eddeo y m\u00e1s. Ideal para videollamadas fluidas gracias a su c\u00e1mara HD y audio con cancelaci\u00f3n de ruido.<\/p>\n<div class=\"responsive-table\">\n<table>\n<thead>\n<tr>\n<th colspan=\"2\">Especificaciones<\/th>\n<\/tr>\n<\/thead>\n<tbody>\n<tr>\n<td><strong>Procesador<\/strong><\/td>\n<td>AMD Ryzen\u2122 5 7535HS (6C \/ 12T, 3.3 \/ 4.55GHz, 3MB L2 \/ 16MB L3)<\/td>\n<\/tr>\n<tr>\n<td><strong>Gr\u00e1ficos<\/strong><\/td>\n<td>Integrados AMD Radeon\u2122 660M<\/td>\n<\/tr>\n<tr>\n<td><strong>Chipset<\/strong><\/td>\n<td>Plataforma AMD SoC<\/td>\n<\/tr>\n<tr>\n<td><strong>Memoria<\/strong><\/td>\n<td>1x 16GB SO-DIMM DDR5-4800<br \/>Hasta 64GB DDR5-4800 con 2 slots DDR5 SO-DIMM (doble canal)<\/td>\n<\/tr>\n<tr>\n<td><strong>Almacenamiento<\/strong><\/td>\n<td>512GB SSD M.2 2242 PCIe\u00ae 4.0\u00d74 NVMe\u00ae<br \/>Hasta 2x M.2 SSD (M.2 2280 SSD hasta 2TB)<\/td>\n<\/tr>\n<tr>\n<td><strong>Lector de tarjetas<\/strong><\/td>\n<td>SD Card Reader<\/td>\n<\/tr>\n<tr>\n<td><strong>Audio<\/strong><\/td>\n<td>Audio de alta definici\u00f3n (Realtek\u00ae ALC3287 codec), 2 altavoces est\u00e9reo de 2W con Dolby Audio\u2122<\/td>\n<\/tr>\n<tr>\n<td><strong>C\u00e1mara<\/strong><\/td>\n<td>HD 720p con obturador de privacidad<\/td>\n<\/tr>\n<tr>\n<td><strong>Bater\u00eda<\/strong><\/td>\n<td>Integrada 45Wh, Smart Battery<\/td>\n<\/tr>\n<tr>\n<td><strong>Adaptador de corriente<\/strong><\/td>\n<td>65W USB-C\u00ae (3-pin)<\/td>\n<\/tr>\n<tr>\n<td><strong>Caracter\u00edsticas especiales<\/strong><\/td>\n<td>Modern Standby<\/td>\n<\/tr>\n<tr>\n<td><strong>Pantalla<\/strong><\/td>\n<td>16\u2033 WUXGA (1920\u00d71200) IPS, 300nits, Anti-reflejo, 45% NTSC<\/td>\n<\/tr>\n<tr>\n<td><strong>Teclado<\/strong><\/td>\n<td>Espa\u00f1ol, retroiluminado<\/td>\n<\/tr>\n<tr>\n<td><strong>Touchpad<\/strong><\/td>\n<td>Precision TouchPad (PTP), 75 x 120 mm<\/td>\n<\/tr>\n<tr>\n<td><strong>Dimensiones<\/strong><\/td>\n<td>356 x 253.5 x 17.5 mm<\/td>\n<\/tr>\n<tr>\n<td><strong>Peso<\/strong><\/td>\n<td>Desde 1.7 kg<\/td>\n<\/tr>\n<tr>\n<td><strong>Sistema operativo<\/strong><\/td>\n<td>Windows\u00ae 11 Pro, espa\u00f1ol<\/td>\n<\/tr>\n<tr>\n<td><strong>Conectividad<\/strong><\/td>\n<td>\n<ul>\n<li>Ethernet: 100\/1000M (RJ-45)<\/li>\n<li>Wi-Fi\u00ae 6, 802.11ax 2\u00d72<\/li>\n<li>Bluetooth: BT5.3<\/li>\n<\/ul>\n<\/td>\n<\/tr>\n<tr>\n<td><strong>Puertos<\/strong><\/td>\n<td>\n<ul>\n<li>1x USB-A (USB 5Gbps \/ USB 3.2 Gen 1)<\/li>\n<li>1x USB-A Always On<\/li>\n<li>1x USB-C\u00ae (USB 10Gbps \/ USB 3.2 Gen 2)<\/li>\n<li>1x USB-C\u00ae (USB4\u00ae 40Gbps)<\/li>\n<li>1x HDMI\u00ae 2.1 (hasta 4K\/60Hz)<\/li>\n<li>1x Jack auriculares\/micr\u00f3fono (3.5mm)<\/li>\n<li>1x Lector de tarjetas SD<\/li>\n<\/ul>\n<\/td>\n<\/tr>\n<tr>\n<td><strong>Seguridad<\/strong><\/td>\n<td>\n<ul>\n<li>TPM 2.0<\/li>\n<li>Lector de huellas t\u00e1ctil en bot\u00f3n de encendido<\/li>\n<li>Kensington\u00ae Nano Security Slot\u2122<\/li>\n<li>Obturador de privacidad<\/li>\n<\/ul>\n<\/td>\n<\/tr>\n<tr>\n<td><strong>Certificaciones<\/strong><\/td>\n<td>\n<ul>\n<li>ENERGY STAR\u00ae 8.0<\/li>\n<li>EPEAT\u2122 Gold Registered<\/li>\n<li>RoHS compliant<\/li>\n<li>MIL-STD-810H (varias pruebas de resistencia)<\/li>\n<\/ul>\n<\/td>\n<\/tr>\n<tr>\n<td><strong>Garant\u00edas<\/strong><\/td>\n<td>\n<ul>\n<li>Base: 1 a\u00f1o (Courier o dep\u00f3sito)<\/li>\n<li>Adicional: Protecci\u00f3n de da\u00f1os accidentales e In-Situ por 1 a\u00f1o<\/li>\n<\/ul>\n<\/td>\n<\/tr>\n<\/tbody>\n<\/table>\n<\/div>\n","protected":false},"excerpt":{"rendered":"<ul>\n<li>Disco duro 512 GB<\/li>\n<li>Memoria RAM 16 GB<\/li>\n<li>Pantalla 16&#8243; (1920 x 1200)<\/li>\n<li>Procesador AMD Ryzen<\/li>\n<\/ul>\n","protected":false},"featured_media":686,"comment_status":"open","ping_status":"closed","template":"","meta":{"site-sidebar-layout":"default","site-content-layout":"","ast-site-content-layout":"default","site-content-style":"default","site-sidebar-style":"default","ast-global-header-display":"","ast-banner-title-visibility":"","ast-main-header-display":"","ast-hfb-above-header-display":"","ast-hfb-below-header-display":"","ast-hfb-mobile-header-display":"","site-post-title":"","ast-breadcrumbs-content":"","ast-featured-img":"","footer-sml-layout":"","ast-disable-related-posts":"","theme-transparent-header-meta":"default","adv-header-id-meta":"","stick-header-meta":"","header-above-stick-meta":"","header-main-stick-meta":"","header-below-stick-meta":"","astra-migrate-meta-layouts":"set","ast-page-background-enabled":"default","ast-page-background-meta":{"desktop":{"background-color":"var(--ast-global-color-4)","background-image":"","background-repeat":"repeat","background-position":"center center","background-size":"auto","background-attachment":"scroll","background-type":"","background-media":"","overlay-type":"","overlay-color":"","overlay-opacity":"","overlay-gradient":""},"tablet":{"background-color":"","background-image":"","background-repeat":"repeat","background-position":"center center","background-size":"auto","background-attachment":"scroll","background-type":"","background-media":"","overlay-type":"","overlay-color":"","overlay-opacity":"","overlay-gradient":""},"mobile":{"background-color":"","background-image":"","background-repeat":"repeat","background-position":"center center","background-size":"auto","background-attachment":"scroll","background-type":"","background-media":"","overlay-type":"","overlay-color":"","overlay-opacity":"","overlay-gradient":""}},"ast-content-background-meta":{"desktop":{"background-color":"var(--ast-global-color-5)","background-image":"","background-repeat":"repeat","background-position":"center center","background-size":"auto","background-attachment":"scroll","background-type":"","background-media":"","overlay-type":"","overlay-color":"","overlay-opacity":"","overlay-gradient":""},"tablet":{"background-color":"var(--ast-global-color-5)","background-image":"","background-repeat":"repeat","background-position":"center center","background-size":"auto","background-attachment":"scroll","background-type":"","background-media":"","overlay-type":"","overlay-color":"","overlay-opacity":"","overlay-gradient":""},"mobile":{"background-color":"var(--ast-global-color-5)","background-image":"","background-repeat":"repeat","background-position":"center center","background-size":"auto","background-attachment":"scroll","background-type":"","background-media":"","overlay-type":"","overlay-color":"","overlay-opacity":"","overlay-gradient":""}}},"product_brand":[],"product_cat":[19],"product_tag":[25],"class_list":{"0":"post-564","1":"product","2":"type-product","3":"status-publish","4":"has-post-thumbnail","6":"product_cat-portatil","7":"product_tag-pc-bono","8":"desktop-align-left","9":"tablet-align-left","10":"mobile-align-left","12":"first","13":"instock","14":"sale","15":"taxable","16":"shipping-taxable","17":"purchasable","18":"product-type-simple"},"yoast_head":"<!-- This site is optimized with the Yoast SEO plugin v26.6 - https:\/\/yoast.com\/wordpress\/plugins\/seo\/ -->\n<title>ThinkBook 16 Gen 7 (16&quot; AMD) - Tienda PC<\/title>\n<meta name=\"description\" content=\"metadesripcion\" \/>\n<meta name=\"robots\" content=\"index, follow, max-snippet:-1, max-image-preview:large, max-video-preview:-1\" \/>\n<link rel=\"canonical\" href=\"https:\/\/www.desarte.es\/tienda-pc\/pc\/8_-hp-eb645g11-r5-7535u-pro-14-16-copia\/\" \/>\n<meta property=\"og:locale\" content=\"es_ES\" \/>\n<meta property=\"og:type\" content=\"article\" \/>\n<meta property=\"og:title\" content=\"ThinkBook 16 Gen 7 (16&quot; AMD) - Tienda PC\" \/>\n<meta property=\"og:description\" content=\"metadesripcion\" \/>\n<meta property=\"og:url\" content=\"https:\/\/www.desarte.es\/tienda-pc\/pc\/8_-hp-eb645g11-r5-7535u-pro-14-16-copia\/\" \/>\n<meta property=\"og:site_name\" content=\"Tienda PC\" \/>\n<meta property=\"article:modified_time\" content=\"2024-12-02T12:28:26+00:00\" \/>\n<meta property=\"og:image\" content=\"https:\/\/www.desarte.es\/tienda-pc\/wp-content\/uploads\/2024\/11\/ThinkBook-16_1.jpg\" \/>\n\t<meta property=\"og:image:width\" content=\"650\" \/>\n\t<meta property=\"og:image:height\" content=\"650\" \/>\n\t<meta property=\"og:image:type\" content=\"image\/jpeg\" \/>\n<meta name=\"twitter:card\" content=\"summary_large_image\" \/>\n<meta name=\"twitter:label1\" content=\"Tiempo de lectura\" \/>\n\t<meta name=\"twitter:data1\" content=\"1 minuto\" \/>\n<script type=\"application\/ld+json\" class=\"yoast-schema-graph\">{\"@context\":\"https:\/\/schema.org\",\"@graph\":[{\"@type\":\"WebPage\",\"@id\":\"https:\/\/www.desarte.es\/tienda-pc\/pc\/8_-hp-eb645g11-r5-7535u-pro-14-16-copia\/\",\"url\":\"https:\/\/www.desarte.es\/tienda-pc\/pc\/8_-hp-eb645g11-r5-7535u-pro-14-16-copia\/\",\"name\":\"ThinkBook 16 Gen 7 (16\\\" AMD) - Tienda PC\",\"isPartOf\":{\"@id\":\"https:\/\/www.desarte.es\/tienda-pc\/#website\"},\"primaryImageOfPage\":{\"@id\":\"https:\/\/www.desarte.es\/tienda-pc\/pc\/8_-hp-eb645g11-r5-7535u-pro-14-16-copia\/#primaryimage\"},\"image\":{\"@id\":\"https:\/\/www.desarte.es\/tienda-pc\/pc\/8_-hp-eb645g11-r5-7535u-pro-14-16-copia\/#primaryimage\"},\"thumbnailUrl\":\"https:\/\/www.desarte.es\/tienda-pc\/wp-content\/uploads\/2024\/11\/ThinkBook-16_1.jpg\",\"datePublished\":\"2024-11-30T20:46:10+00:00\",\"dateModified\":\"2024-12-02T12:28:26+00:00\",\"description\":\"metadesripcion\",\"breadcrumb\":{\"@id\":\"https:\/\/www.desarte.es\/tienda-pc\/pc\/8_-hp-eb645g11-r5-7535u-pro-14-16-copia\/#breadcrumb\"},\"inLanguage\":\"es\",\"potentialAction\":[{\"@type\":\"ReadAction\",\"target\":[\"https:\/\/www.desarte.es\/tienda-pc\/pc\/8_-hp-eb645g11-r5-7535u-pro-14-16-copia\/\"]}]},{\"@type\":\"ImageObject\",\"inLanguage\":\"es\",\"@id\":\"https:\/\/www.desarte.es\/tienda-pc\/pc\/8_-hp-eb645g11-r5-7535u-pro-14-16-copia\/#primaryimage\",\"url\":\"https:\/\/www.desarte.es\/tienda-pc\/wp-content\/uploads\/2024\/11\/ThinkBook-16_1.jpg\",\"contentUrl\":\"https:\/\/www.desarte.es\/tienda-pc\/wp-content\/uploads\/2024\/11\/ThinkBook-16_1.jpg\",\"width\":650,\"height\":650},{\"@type\":\"BreadcrumbList\",\"@id\":\"https:\/\/www.desarte.es\/tienda-pc\/pc\/8_-hp-eb645g11-r5-7535u-pro-14-16-copia\/#breadcrumb\",\"itemListElement\":[{\"@type\":\"ListItem\",\"position\":1,\"name\":\"Portada\",\"item\":\"https:\/\/www.desarte.es\/tienda-pc\/\"},{\"@type\":\"ListItem\",\"position\":2,\"name\":\"Tienda\",\"item\":\"https:\/\/www.desarte.es\/tienda-pc\/\"},{\"@type\":\"ListItem\",\"position\":3,\"name\":\"ThinkBook 16 Gen 7 (16&#8243; AMD)\"}]},{\"@type\":\"WebSite\",\"@id\":\"https:\/\/www.desarte.es\/tienda-pc\/#website\",\"url\":\"https:\/\/www.desarte.es\/tienda-pc\/\",\"name\":\"Tienda PC\",\"description\":\"\",\"publisher\":{\"@id\":\"https:\/\/www.desarte.es\/tienda-pc\/#organization\"},\"potentialAction\":[{\"@type\":\"SearchAction\",\"target\":{\"@type\":\"EntryPoint\",\"urlTemplate\":\"https:\/\/www.desarte.es\/tienda-pc\/?s={search_term_string}\"},\"query-input\":{\"@type\":\"PropertyValueSpecification\",\"valueRequired\":true,\"valueName\":\"search_term_string\"}}],\"inLanguage\":\"es\"},{\"@type\":\"Organization\",\"@id\":\"https:\/\/www.desarte.es\/tienda-pc\/#organization\",\"name\":\"Tienda PC\",\"url\":\"https:\/\/www.desarte.es\/tienda-pc\/\",\"logo\":{\"@type\":\"ImageObject\",\"inLanguage\":\"es\",\"@id\":\"https:\/\/www.desarte.es\/tienda-pc\/#\/schema\/logo\/image\/\",\"url\":\"https:\/\/www.desarte.es\/tienda-pc\/wp-content\/uploads\/2024\/12\/logo-Tienda-PC-01.png\",\"contentUrl\":\"https:\/\/www.desarte.es\/tienda-pc\/wp-content\/uploads\/2024\/12\/logo-Tienda-PC-01.png\",\"width\":377,\"height\":317,\"caption\":\"Tienda PC\"},\"image\":{\"@id\":\"https:\/\/www.desarte.es\/tienda-pc\/#\/schema\/logo\/image\/\"}}]}<\/script>\n<!-- \/ Yoast SEO plugin. -->","yoast_head_json":{"title":"ThinkBook 16 Gen 7 (16\" AMD) - Tienda PC","description":"metadesripcion","robots":{"index":"index","follow":"follow","max-snippet":"max-snippet:-1","max-image-preview":"max-image-preview:large","max-video-preview":"max-video-preview:-1"},"canonical":"https:\/\/www.desarte.es\/tienda-pc\/pc\/8_-hp-eb645g11-r5-7535u-pro-14-16-copia\/","og_locale":"es_ES","og_type":"article","og_title":"ThinkBook 16 Gen 7 (16\" AMD) - Tienda PC","og_description":"metadesripcion","og_url":"https:\/\/www.desarte.es\/tienda-pc\/pc\/8_-hp-eb645g11-r5-7535u-pro-14-16-copia\/","og_site_name":"Tienda PC","article_modified_time":"2024-12-02T12:28:26+00:00","og_image":[{"width":650,"height":650,"url":"https:\/\/www.desarte.es\/tienda-pc\/wp-content\/uploads\/2024\/11\/ThinkBook-16_1.jpg","type":"image\/jpeg"}],"twitter_card":"summary_large_image","twitter_misc":{"Tiempo de lectura":"1 minuto"},"schema":{"@context":"https:\/\/schema.org","@graph":[{"@type":"WebPage","@id":"https:\/\/www.desarte.es\/tienda-pc\/pc\/8_-hp-eb645g11-r5-7535u-pro-14-16-copia\/","url":"https:\/\/www.desarte.es\/tienda-pc\/pc\/8_-hp-eb645g11-r5-7535u-pro-14-16-copia\/","name":"ThinkBook 16 Gen 7 (16\" AMD) - Tienda PC","isPartOf":{"@id":"https:\/\/www.desarte.es\/tienda-pc\/#website"},"primaryImageOfPage":{"@id":"https:\/\/www.desarte.es\/tienda-pc\/pc\/8_-hp-eb645g11-r5-7535u-pro-14-16-copia\/#primaryimage"},"image":{"@id":"https:\/\/www.desarte.es\/tienda-pc\/pc\/8_-hp-eb645g11-r5-7535u-pro-14-16-copia\/#primaryimage"},"thumbnailUrl":"https:\/\/www.desarte.es\/tienda-pc\/wp-content\/uploads\/2024\/11\/ThinkBook-16_1.jpg","datePublished":"2024-11-30T20:46:10+00:00","dateModified":"2024-12-02T12:28:26+00:00","description":"metadesripcion","breadcrumb":{"@id":"https:\/\/www.desarte.es\/tienda-pc\/pc\/8_-hp-eb645g11-r5-7535u-pro-14-16-copia\/#breadcrumb"},"inLanguage":"es","potentialAction":[{"@type":"ReadAction","target":["https:\/\/www.desarte.es\/tienda-pc\/pc\/8_-hp-eb645g11-r5-7535u-pro-14-16-copia\/"]}]},{"@type":"ImageObject","inLanguage":"es","@id":"https:\/\/www.desarte.es\/tienda-pc\/pc\/8_-hp-eb645g11-r5-7535u-pro-14-16-copia\/#primaryimage","url":"https:\/\/www.desarte.es\/tienda-pc\/wp-content\/uploads\/2024\/11\/ThinkBook-16_1.jpg","contentUrl":"https:\/\/www.desarte.es\/tienda-pc\/wp-content\/uploads\/2024\/11\/ThinkBook-16_1.jpg","width":650,"height":650},{"@type":"BreadcrumbList","@id":"https:\/\/www.desarte.es\/tienda-pc\/pc\/8_-hp-eb645g11-r5-7535u-pro-14-16-copia\/#breadcrumb","itemListElement":[{"@type":"ListItem","position":1,"name":"Portada","item":"https:\/\/www.desarte.es\/tienda-pc\/"},{"@type":"ListItem","position":2,"name":"Tienda","item":"https:\/\/www.desarte.es\/tienda-pc\/"},{"@type":"ListItem","position":3,"name":"ThinkBook 16 Gen 7 (16&#8243; AMD)"}]},{"@type":"WebSite","@id":"https:\/\/www.desarte.es\/tienda-pc\/#website","url":"https:\/\/www.desarte.es\/tienda-pc\/","name":"Tienda PC","description":"","publisher":{"@id":"https:\/\/www.desarte.es\/tienda-pc\/#organization"},"potentialAction":[{"@type":"SearchAction","target":{"@type":"EntryPoint","urlTemplate":"https:\/\/www.desarte.es\/tienda-pc\/?s={search_term_string}"},"query-input":{"@type":"PropertyValueSpecification","valueRequired":true,"valueName":"search_term_string"}}],"inLanguage":"es"},{"@type":"Organization","@id":"https:\/\/www.desarte.es\/tienda-pc\/#organization","name":"Tienda PC","url":"https:\/\/www.desarte.es\/tienda-pc\/","logo":{"@type":"ImageObject","inLanguage":"es","@id":"https:\/\/www.desarte.es\/tienda-pc\/#\/schema\/logo\/image\/","url":"https:\/\/www.desarte.es\/tienda-pc\/wp-content\/uploads\/2024\/12\/logo-Tienda-PC-01.png","contentUrl":"https:\/\/www.desarte.es\/tienda-pc\/wp-content\/uploads\/2024\/12\/logo-Tienda-PC-01.png","width":377,"height":317,"caption":"Tienda PC"},"image":{"@id":"https:\/\/www.desarte.es\/tienda-pc\/#\/schema\/logo\/image\/"}}]}},"_links":{"self":[{"href":"https:\/\/www.desarte.es\/tienda-pc\/wp-json\/wp\/v2\/product\/564","targetHints":{"allow":["GET"]}}],"collection":[{"href":"https:\/\/www.desarte.es\/tienda-pc\/wp-json\/wp\/v2\/product"}],"about":[{"href":"https:\/\/www.desarte.es\/tienda-pc\/wp-json\/wp\/v2\/types\/product"}],"replies":[{"embeddable":true,"href":"https:\/\/www.desarte.es\/tienda-pc\/wp-json\/wp\/v2\/comments?post=564"}],"wp:featuredmedia":[{"embeddable":true,"href":"https:\/\/www.desarte.es\/tienda-pc\/wp-json\/wp\/v2\/media\/686"}],"wp:attachment":[{"href":"https:\/\/www.desarte.es\/tienda-pc\/wp-json\/wp\/v2\/media?parent=564"}],"wp:term":[{"taxonomy":"product_brand","embeddable":true,"href":"https:\/\/www.desarte.es\/tienda-pc\/wp-json\/wp\/v2\/product_brand?post=564"},{"taxonomy":"product_cat","embeddable":true,"href":"https:\/\/www.desarte.es\/tienda-pc\/wp-json\/wp\/v2\/product_cat?post=564"},{"taxonomy":"product_tag","embeddable":true,"href":"https:\/\/www.desarte.es\/tienda-pc\/wp-json\/wp\/v2\/product_tag?post=564"}],"curies":[{"name":"wp","href":"https:\/\/api.w.org\/{rel}","templated":true}]}}