{"id":603,"date":"2024-11-30T22:09:36","date_gmt":"2024-11-30T22:09:36","guid":{"rendered":"https:\/\/www.desarte.es\/tienda-pc\/?post_type=product&#038;p=603"},"modified":"2024-12-02T11:07:35","modified_gmt":"2024-12-02T11:07:35","slug":"thinkpad-l14-gen-5-amd-r5p-7535u","status":"publish","type":"product","link":"https:\/\/www.desarte.es\/tienda-pc\/pc\/thinkpad-l14-gen-5-amd-r5p-7535u\/","title":{"rendered":"THINKPAD L14 GEN 5 AMD  R5P-7535U"},"content":{"rendered":"<p>Descubre el equilibrio perfecto entre portabilidad, potencia y dise\u00f1o. Con un peso de solo 1.41 kg y gr\u00e1ficos AMD Radeon 660M, este port\u00e1til est\u00e1 dise\u00f1ado para los profesionales que buscan rendimiento sin compromisos, con hasta 13.55 horas de bater\u00eda para mantenerte productivo todo el d\u00eda.<\/p>\n<table>\n<thead>\n<tr>\n<th colspan=\"2\">Especificaciones<\/th>\n<\/tr>\n<\/thead>\n<tbody>\n<tr>\n<td><strong>Procesador<\/strong><\/td>\n<td>AMD Ryzen\u2122 5 PRO 7535U<\/td>\n<\/tr>\n<tr>\n<td><strong>Gr\u00e1ficos<\/strong><\/td>\n<td>Integrated AMD Radeon\u2122 660M Graphics<\/td>\n<\/tr>\n<tr>\n<td><strong>Chipset<\/strong><\/td>\n<td>AMD SoC Platform<\/td>\n<\/tr>\n<tr>\n<td><strong>Memoria<\/strong><\/td>\n<td>1x 16GB SO-DIMM DDR5-4800<br \/>\n2 DDR5 SO-DIMM slots, dual-channel capable<br \/>\nHasta 64GB DDR5-4800<\/td>\n<\/tr>\n<tr>\n<td><strong>Almacenaje<\/strong><\/td>\n<td>512GB SSD M.2 2280 PCIe\u00ae 4.0\u00d74 NVMe\u00ae Opal 2.0<\/td>\n<\/tr>\n<tr>\n<td><strong>Audio<\/strong><\/td>\n<td>High Definition (HD) Audio, Realtek\u00ae ALC3287 codec<\/td>\n<\/tr>\n<tr>\n<td><strong>C\u00e1mara<\/strong><\/td>\n<td>HD 720p with Privacy Shutter<\/td>\n<\/tr>\n<tr>\n<td><strong>Bater\u00eda<\/strong><\/td>\n<td>Integrada 57Wh<\/td>\n<\/tr>\n<tr>\n<td><strong>Adaptador de corriente<\/strong><\/td>\n<td>65W USB-C\u00ae (3-pin)<\/td>\n<\/tr>\n<tr>\n<td><strong>Dise\u00f1o<\/strong><\/td>\n<td>\n<ul>\n<li><strong>Pantalla:<\/strong> 14\u2033 WUXGA (1920\u00d71200) IPS 400nits Anti-glare, 45% NTSC, DBEF5<\/li>\n<li><strong>Teclado:<\/strong> Retroiluminado, espa\u00f1ol<\/li>\n<li><strong>Dimensiones:<\/strong> 313.7 x 226 x 18.92 mm<\/li>\n<li><strong>Peso:<\/strong> 1.41 kg<\/li>\n<li><strong>Color:<\/strong> Negro<\/li>\n<li><strong>Material:<\/strong> PC-ABS (Superior e Inferior)<\/li>\n<\/ul>\n<\/td>\n<\/tr>\n<tr>\n<td><strong>Conectividad<\/strong><\/td>\n<td>\n<ul>\n<li><strong>Ethernet:<\/strong> 100\/1000M (RJ-45)<\/li>\n<li><strong>WLAN + Bluetooth:<\/strong> Qualcomm\u00ae Wi-Fi\u00ae 6E NFA725, 802.11ax 2\u00d72 + BT5.3<\/li>\n<li><strong>WWAN:<\/strong> No<\/li>\n<li><strong>NFC:<\/strong> No<\/li>\n<\/ul>\n<\/td>\n<\/tr>\n<tr>\n<td><strong>Puertos<\/strong><\/td>\n<td>\n<ul>\n<li>1x USB-A (Hi-Speed USB \/ USB 2.0)<\/li>\n<li>2x USB-A (USB 5Gbps \/ USB 3.2 Gen 1), uno Always On<\/li>\n<li>1x USB-C\u00ae (USB 10Gbps \/ USB 3.2 Gen 2), con USB PD 3.0 y DisplayPort\u2122 1.4<\/li>\n<li>1x USB-C\u00ae (USB4\u00ae 40Gbps), con USB PD 3.0 y DisplayPort\u2122 1.4<\/li>\n<li>1x HDMI\u00ae 2.1, hasta 4K\/60Hz<\/li>\n<li>1x Combo Jack para auriculares\/micr\u00f3fono (3.5mm)<\/li>\n<li>1x Ethernet (RJ-45)<\/li>\n<\/ul>\n<\/td>\n<\/tr>\n<tr>\n<td><strong>Seguridad y privacidad<\/strong><\/td>\n<td>\n<ul>\n<li>Smart Card Reader<\/li>\n<li>Discrete TPM 2.0 Enabled<\/li>\n<li>Lector de huellas digitales Touch Style, integrado en el bot\u00f3n de encendido<\/li>\n<li>Kensington\u00ae Nano Security Slot\u2122<\/li>\n<\/ul>\n<\/td>\n<\/tr>\n<tr>\n<td><strong>Gesti\u00f3n remota<\/strong><\/td>\n<td>DASH<\/td>\n<\/tr>\n<tr>\n<td><strong>Certificaciones<\/strong><\/td>\n<td>\n<ul>\n<li>ENERGY STAR\u00ae 8.0<\/li>\n<li>EPEAT\u2122 Gold Registered<\/li>\n<li>ErP Lot 6 y 26<\/li>\n<li>RoHS compliant<\/li>\n<li>TCO Certified 9.0<\/li>\n<\/ul>\n<\/td>\n<\/tr>\n<\/tbody>\n<\/table>\n","protected":false},"excerpt":{"rendered":"<ul>\n<li>Disco duro 512 GB<\/li>\n<li>Memoria RAM 16 GB<\/li>\n<li>Pantalla 14&#8243;<\/li>\n<li>Procesador AMD Ryzen<\/li>\n<\/ul>\n","protected":false},"featured_media":684,"comment_status":"open","ping_status":"closed","template":"","meta":{"site-sidebar-layout":"default","site-content-layout":"","ast-site-content-layout":"default","site-content-style":"default","site-sidebar-style":"default","ast-global-header-display":"","ast-banner-title-visibility":"","ast-main-header-display":"","ast-hfb-above-header-display":"","ast-hfb-below-header-display":"","ast-hfb-mobile-header-display":"","site-post-title":"","ast-breadcrumbs-content":"","ast-featured-img":"","footer-sml-layout":"","ast-disable-related-posts":"","theme-transparent-header-meta":"default","adv-header-id-meta":"","stick-header-meta":"","header-above-stick-meta":"","header-main-stick-meta":"","header-below-stick-meta":"","astra-migrate-meta-layouts":"set","ast-page-background-enabled":"default","ast-page-background-meta":{"desktop":{"background-color":"var(--ast-global-color-4)","background-image":"","background-repeat":"repeat","background-position":"center center","background-size":"auto","background-attachment":"scroll","background-type":"","background-media":"","overlay-type":"","overlay-color":"","overlay-opacity":"","overlay-gradient":""},"tablet":{"background-color":"","background-image":"","background-repeat":"repeat","background-position":"center center","background-size":"auto","background-attachment":"scroll","background-type":"","background-media":"","overlay-type":"","overlay-color":"","overlay-opacity":"","overlay-gradient":""},"mobile":{"background-color":"","background-image":"","background-repeat":"repeat","background-position":"center center","background-size":"auto","background-attachment":"scroll","background-type":"","background-media":"","overlay-type":"","overlay-color":"","overlay-opacity":"","overlay-gradient":""}},"ast-content-background-meta":{"desktop":{"background-color":"var(--ast-global-color-5)","background-image":"","background-repeat":"repeat","background-position":"center center","background-size":"auto","background-attachment":"scroll","background-type":"","background-media":"","overlay-type":"","overlay-color":"","overlay-opacity":"","overlay-gradient":""},"tablet":{"background-color":"var(--ast-global-color-5)","background-image":"","background-repeat":"repeat","background-position":"center center","background-size":"auto","background-attachment":"scroll","background-type":"","background-media":"","overlay-type":"","overlay-color":"","overlay-opacity":"","overlay-gradient":""},"mobile":{"background-color":"var(--ast-global-color-5)","background-image":"","background-repeat":"repeat","background-position":"center center","background-size":"auto","background-attachment":"scroll","background-type":"","background-media":"","overlay-type":"","overlay-color":"","overlay-opacity":"","overlay-gradient":""}}},"product_brand":[],"product_cat":[19],"product_tag":[],"class_list":{"0":"post-603","1":"product","2":"type-product","3":"status-publish","4":"has-post-thumbnail","6":"product_cat-portatil","7":"desktop-align-left","8":"tablet-align-left","9":"mobile-align-left","11":"first","12":"instock","13":"sale","14":"taxable","15":"shipping-taxable","16":"purchasable","17":"product-type-simple"},"yoast_head":"<!-- This site is optimized with the Yoast SEO plugin v26.6 - https:\/\/yoast.com\/wordpress\/plugins\/seo\/ -->\n<title>THINKPAD L14 GEN 5 AMD R5P-7535U - Tienda PC<\/title>\n<meta name=\"description\" content=\"metadesripcion\" \/>\n<meta name=\"robots\" content=\"index, follow, max-snippet:-1, max-image-preview:large, max-video-preview:-1\" \/>\n<link rel=\"canonical\" href=\"https:\/\/www.desarte.es\/tienda-pc\/pc\/thinkpad-l14-gen-5-amd-r5p-7535u\/\" \/>\n<meta property=\"og:locale\" content=\"es_ES\" \/>\n<meta property=\"og:type\" content=\"article\" \/>\n<meta property=\"og:title\" content=\"THINKPAD L14 GEN 5 AMD R5P-7535U - Tienda PC\" \/>\n<meta property=\"og:description\" content=\"metadesripcion\" \/>\n<meta property=\"og:url\" content=\"https:\/\/www.desarte.es\/tienda-pc\/pc\/thinkpad-l14-gen-5-amd-r5p-7535u\/\" \/>\n<meta property=\"og:site_name\" content=\"Tienda PC\" \/>\n<meta property=\"article:modified_time\" content=\"2024-12-02T11:07:35+00:00\" \/>\n<meta property=\"og:image\" content=\"https:\/\/www.desarte.es\/tienda-pc\/wp-content\/uploads\/2024\/11\/ThinkPad-L14-_3.jpg\" \/>\n\t<meta property=\"og:image:width\" content=\"650\" \/>\n\t<meta property=\"og:image:height\" content=\"650\" \/>\n\t<meta property=\"og:image:type\" content=\"image\/jpeg\" \/>\n<meta name=\"twitter:card\" content=\"summary_large_image\" \/>\n<meta name=\"twitter:label1\" content=\"Tiempo de lectura\" \/>\n\t<meta name=\"twitter:data1\" content=\"2 minutos\" \/>\n<script type=\"application\/ld+json\" class=\"yoast-schema-graph\">{\"@context\":\"https:\/\/schema.org\",\"@graph\":[{\"@type\":\"WebPage\",\"@id\":\"https:\/\/www.desarte.es\/tienda-pc\/pc\/thinkpad-l14-gen-5-amd-r5p-7535u\/\",\"url\":\"https:\/\/www.desarte.es\/tienda-pc\/pc\/thinkpad-l14-gen-5-amd-r5p-7535u\/\",\"name\":\"THINKPAD L14 GEN 5 AMD R5P-7535U - Tienda PC\",\"isPartOf\":{\"@id\":\"https:\/\/www.desarte.es\/tienda-pc\/#website\"},\"primaryImageOfPage\":{\"@id\":\"https:\/\/www.desarte.es\/tienda-pc\/pc\/thinkpad-l14-gen-5-amd-r5p-7535u\/#primaryimage\"},\"image\":{\"@id\":\"https:\/\/www.desarte.es\/tienda-pc\/pc\/thinkpad-l14-gen-5-amd-r5p-7535u\/#primaryimage\"},\"thumbnailUrl\":\"https:\/\/www.desarte.es\/tienda-pc\/wp-content\/uploads\/2024\/11\/ThinkPad-L14-_3.jpg\",\"datePublished\":\"2024-11-30T22:09:36+00:00\",\"dateModified\":\"2024-12-02T11:07:35+00:00\",\"description\":\"metadesripcion\",\"breadcrumb\":{\"@id\":\"https:\/\/www.desarte.es\/tienda-pc\/pc\/thinkpad-l14-gen-5-amd-r5p-7535u\/#breadcrumb\"},\"inLanguage\":\"es\",\"potentialAction\":[{\"@type\":\"ReadAction\",\"target\":[\"https:\/\/www.desarte.es\/tienda-pc\/pc\/thinkpad-l14-gen-5-amd-r5p-7535u\/\"]}]},{\"@type\":\"ImageObject\",\"inLanguage\":\"es\",\"@id\":\"https:\/\/www.desarte.es\/tienda-pc\/pc\/thinkpad-l14-gen-5-amd-r5p-7535u\/#primaryimage\",\"url\":\"https:\/\/www.desarte.es\/tienda-pc\/wp-content\/uploads\/2024\/11\/ThinkPad-L14-_3.jpg\",\"contentUrl\":\"https:\/\/www.desarte.es\/tienda-pc\/wp-content\/uploads\/2024\/11\/ThinkPad-L14-_3.jpg\",\"width\":650,\"height\":650},{\"@type\":\"BreadcrumbList\",\"@id\":\"https:\/\/www.desarte.es\/tienda-pc\/pc\/thinkpad-l14-gen-5-amd-r5p-7535u\/#breadcrumb\",\"itemListElement\":[{\"@type\":\"ListItem\",\"position\":1,\"name\":\"Portada\",\"item\":\"https:\/\/www.desarte.es\/tienda-pc\/\"},{\"@type\":\"ListItem\",\"position\":2,\"name\":\"Tienda\",\"item\":\"https:\/\/www.desarte.es\/tienda-pc\/\"},{\"@type\":\"ListItem\",\"position\":3,\"name\":\"THINKPAD L14 GEN 5 AMD R5P-7535U\"}]},{\"@type\":\"WebSite\",\"@id\":\"https:\/\/www.desarte.es\/tienda-pc\/#website\",\"url\":\"https:\/\/www.desarte.es\/tienda-pc\/\",\"name\":\"Tienda PC\",\"description\":\"\",\"publisher\":{\"@id\":\"https:\/\/www.desarte.es\/tienda-pc\/#organization\"},\"potentialAction\":[{\"@type\":\"SearchAction\",\"target\":{\"@type\":\"EntryPoint\",\"urlTemplate\":\"https:\/\/www.desarte.es\/tienda-pc\/?s={search_term_string}\"},\"query-input\":{\"@type\":\"PropertyValueSpecification\",\"valueRequired\":true,\"valueName\":\"search_term_string\"}}],\"inLanguage\":\"es\"},{\"@type\":\"Organization\",\"@id\":\"https:\/\/www.desarte.es\/tienda-pc\/#organization\",\"name\":\"Tienda PC\",\"url\":\"https:\/\/www.desarte.es\/tienda-pc\/\",\"logo\":{\"@type\":\"ImageObject\",\"inLanguage\":\"es\",\"@id\":\"https:\/\/www.desarte.es\/tienda-pc\/#\/schema\/logo\/image\/\",\"url\":\"https:\/\/www.desarte.es\/tienda-pc\/wp-content\/uploads\/2024\/12\/logo-Tienda-PC-01.png\",\"contentUrl\":\"https:\/\/www.desarte.es\/tienda-pc\/wp-content\/uploads\/2024\/12\/logo-Tienda-PC-01.png\",\"width\":377,\"height\":317,\"caption\":\"Tienda PC\"},\"image\":{\"@id\":\"https:\/\/www.desarte.es\/tienda-pc\/#\/schema\/logo\/image\/\"}}]}<\/script>\n<!-- \/ Yoast SEO plugin. -->","yoast_head_json":{"title":"THINKPAD L14 GEN 5 AMD R5P-7535U - Tienda PC","description":"metadesripcion","robots":{"index":"index","follow":"follow","max-snippet":"max-snippet:-1","max-image-preview":"max-image-preview:large","max-video-preview":"max-video-preview:-1"},"canonical":"https:\/\/www.desarte.es\/tienda-pc\/pc\/thinkpad-l14-gen-5-amd-r5p-7535u\/","og_locale":"es_ES","og_type":"article","og_title":"THINKPAD L14 GEN 5 AMD R5P-7535U - Tienda PC","og_description":"metadesripcion","og_url":"https:\/\/www.desarte.es\/tienda-pc\/pc\/thinkpad-l14-gen-5-amd-r5p-7535u\/","og_site_name":"Tienda PC","article_modified_time":"2024-12-02T11:07:35+00:00","og_image":[{"width":650,"height":650,"url":"https:\/\/www.desarte.es\/tienda-pc\/wp-content\/uploads\/2024\/11\/ThinkPad-L14-_3.jpg","type":"image\/jpeg"}],"twitter_card":"summary_large_image","twitter_misc":{"Tiempo de lectura":"2 minutos"},"schema":{"@context":"https:\/\/schema.org","@graph":[{"@type":"WebPage","@id":"https:\/\/www.desarte.es\/tienda-pc\/pc\/thinkpad-l14-gen-5-amd-r5p-7535u\/","url":"https:\/\/www.desarte.es\/tienda-pc\/pc\/thinkpad-l14-gen-5-amd-r5p-7535u\/","name":"THINKPAD L14 GEN 5 AMD R5P-7535U - Tienda PC","isPartOf":{"@id":"https:\/\/www.desarte.es\/tienda-pc\/#website"},"primaryImageOfPage":{"@id":"https:\/\/www.desarte.es\/tienda-pc\/pc\/thinkpad-l14-gen-5-amd-r5p-7535u\/#primaryimage"},"image":{"@id":"https:\/\/www.desarte.es\/tienda-pc\/pc\/thinkpad-l14-gen-5-amd-r5p-7535u\/#primaryimage"},"thumbnailUrl":"https:\/\/www.desarte.es\/tienda-pc\/wp-content\/uploads\/2024\/11\/ThinkPad-L14-_3.jpg","datePublished":"2024-11-30T22:09:36+00:00","dateModified":"2024-12-02T11:07:35+00:00","description":"metadesripcion","breadcrumb":{"@id":"https:\/\/www.desarte.es\/tienda-pc\/pc\/thinkpad-l14-gen-5-amd-r5p-7535u\/#breadcrumb"},"inLanguage":"es","potentialAction":[{"@type":"ReadAction","target":["https:\/\/www.desarte.es\/tienda-pc\/pc\/thinkpad-l14-gen-5-amd-r5p-7535u\/"]}]},{"@type":"ImageObject","inLanguage":"es","@id":"https:\/\/www.desarte.es\/tienda-pc\/pc\/thinkpad-l14-gen-5-amd-r5p-7535u\/#primaryimage","url":"https:\/\/www.desarte.es\/tienda-pc\/wp-content\/uploads\/2024\/11\/ThinkPad-L14-_3.jpg","contentUrl":"https:\/\/www.desarte.es\/tienda-pc\/wp-content\/uploads\/2024\/11\/ThinkPad-L14-_3.jpg","width":650,"height":650},{"@type":"BreadcrumbList","@id":"https:\/\/www.desarte.es\/tienda-pc\/pc\/thinkpad-l14-gen-5-amd-r5p-7535u\/#breadcrumb","itemListElement":[{"@type":"ListItem","position":1,"name":"Portada","item":"https:\/\/www.desarte.es\/tienda-pc\/"},{"@type":"ListItem","position":2,"name":"Tienda","item":"https:\/\/www.desarte.es\/tienda-pc\/"},{"@type":"ListItem","position":3,"name":"THINKPAD L14 GEN 5 AMD R5P-7535U"}]},{"@type":"WebSite","@id":"https:\/\/www.desarte.es\/tienda-pc\/#website","url":"https:\/\/www.desarte.es\/tienda-pc\/","name":"Tienda PC","description":"","publisher":{"@id":"https:\/\/www.desarte.es\/tienda-pc\/#organization"},"potentialAction":[{"@type":"SearchAction","target":{"@type":"EntryPoint","urlTemplate":"https:\/\/www.desarte.es\/tienda-pc\/?s={search_term_string}"},"query-input":{"@type":"PropertyValueSpecification","valueRequired":true,"valueName":"search_term_string"}}],"inLanguage":"es"},{"@type":"Organization","@id":"https:\/\/www.desarte.es\/tienda-pc\/#organization","name":"Tienda PC","url":"https:\/\/www.desarte.es\/tienda-pc\/","logo":{"@type":"ImageObject","inLanguage":"es","@id":"https:\/\/www.desarte.es\/tienda-pc\/#\/schema\/logo\/image\/","url":"https:\/\/www.desarte.es\/tienda-pc\/wp-content\/uploads\/2024\/12\/logo-Tienda-PC-01.png","contentUrl":"https:\/\/www.desarte.es\/tienda-pc\/wp-content\/uploads\/2024\/12\/logo-Tienda-PC-01.png","width":377,"height":317,"caption":"Tienda PC"},"image":{"@id":"https:\/\/www.desarte.es\/tienda-pc\/#\/schema\/logo\/image\/"}}]}},"_links":{"self":[{"href":"https:\/\/www.desarte.es\/tienda-pc\/wp-json\/wp\/v2\/product\/603","targetHints":{"allow":["GET"]}}],"collection":[{"href":"https:\/\/www.desarte.es\/tienda-pc\/wp-json\/wp\/v2\/product"}],"about":[{"href":"https:\/\/www.desarte.es\/tienda-pc\/wp-json\/wp\/v2\/types\/product"}],"replies":[{"embeddable":true,"href":"https:\/\/www.desarte.es\/tienda-pc\/wp-json\/wp\/v2\/comments?post=603"}],"wp:featuredmedia":[{"embeddable":true,"href":"https:\/\/www.desarte.es\/tienda-pc\/wp-json\/wp\/v2\/media\/684"}],"wp:attachment":[{"href":"https:\/\/www.desarte.es\/tienda-pc\/wp-json\/wp\/v2\/media?parent=603"}],"wp:term":[{"taxonomy":"product_brand","embeddable":true,"href":"https:\/\/www.desarte.es\/tienda-pc\/wp-json\/wp\/v2\/product_brand?post=603"},{"taxonomy":"product_cat","embeddable":true,"href":"https:\/\/www.desarte.es\/tienda-pc\/wp-json\/wp\/v2\/product_cat?post=603"},{"taxonomy":"product_tag","embeddable":true,"href":"https:\/\/www.desarte.es\/tienda-pc\/wp-json\/wp\/v2\/product_tag?post=603"}],"curies":[{"name":"wp","href":"https:\/\/api.w.org\/{rel}","templated":true}]}}