{"id":673,"date":"2024-12-01T20:51:24","date_gmt":"2024-12-01T20:51:24","guid":{"rendered":"https:\/\/www.desarte.es\/tienda-pc\/?post_type=product&#038;p=673"},"modified":"2024-12-02T13:50:37","modified_gmt":"2024-12-02T13:50:37","slug":"acer-travelmate-p2-14","status":"publish","type":"product","link":"https:\/\/www.desarte.es\/tienda-pc\/pc\/acer-travelmate-p2-14\/","title":{"rendered":"Acer TravelMate P2-14"},"content":{"rendered":"<p>El port\u00e1til TravelMate P2 de 14 pulgadas, certificado por TCO, combina valor y sostenibilidad para peque\u00f1as empresas. Fabricado con pl\u00e1sticos reciclados, incorpora el \u00faltimo procesador Intel\u00ae Core\u2122, seguridad avanzada y durabilidad, ideal para entornos empresariales exigentes.<\/p>\n<table id=\"tabla-especificaciones\">\n<thead>\n<tr>\n<th>Caracter\u00edsticas<\/th>\n<th>Especificaciones<\/th>\n<\/tr>\n<\/thead>\n<tbody>\n<tr>\n<td data-label=\"Caracter\u00edsticas\">Tipo<\/td>\n<td data-label=\"Especificaciones\">Notebook<\/td>\n<\/tr>\n<tr>\n<td data-label=\"Caracter\u00edsticas\">Sistema operativo<\/td>\n<td data-label=\"Especificaciones\">Windows 11 Pro<\/td>\n<\/tr>\n<tr>\n<td data-label=\"Caracter\u00edsticas\">Procesador<\/td>\n<td data-label=\"Especificaciones\">Intel\u00ae Core\u2122 i5-120U<\/td>\n<\/tr>\n<tr>\n<td data-label=\"Caracter\u00edsticas\">Cores\/Hilos<\/td>\n<td data-label=\"Especificaciones\">10 \/ 12<\/td>\n<\/tr>\n<tr>\n<td data-label=\"Caracter\u00edsticas\">Frecuencia Base\/Turbo<\/td>\n<td data-label=\"Especificaciones\">1.40 GHz \/ 5 GHz<\/td>\n<\/tr>\n<tr>\n<td data-label=\"Caracter\u00edsticas\">Cach\u00e9<\/td>\n<td data-label=\"Especificaciones\">12 MB<\/td>\n<\/tr>\n<tr>\n<td data-label=\"Caracter\u00edsticas\">Gr\u00e1ficos<\/td>\n<td data-label=\"Especificaciones\">Intel UHD (Base 1.25 GHz)<\/td>\n<\/tr>\n<tr>\n<td data-label=\"Caracter\u00edsticas\">Memoria RAM<\/td>\n<td data-label=\"Especificaciones\">16 GB DDR5 (Max: 64 GB)<\/td>\n<\/tr>\n<tr>\n<td data-label=\"Caracter\u00edsticas\">Almacenamiento<\/td>\n<td data-label=\"Especificaciones\">512GB PCIe NVMe SSD<\/td>\n<\/tr>\n<tr>\n<td data-label=\"Caracter\u00edsticas\">Pantalla<\/td>\n<td data-label=\"Especificaciones\">14&#8243; WUXGA SlimBezel IPS (1920\u00d71200)<\/td>\n<\/tr>\n<tr>\n<td data-label=\"Caracter\u00edsticas\">Brillo<\/td>\n<td data-label=\"Especificaciones\">250 nits<\/td>\n<\/tr>\n<tr>\n<td data-label=\"Caracter\u00edsticas\">Tasa de Refresco<\/td>\n<td data-label=\"Especificaciones\">60Hz<\/td>\n<\/tr>\n<tr>\n<td data-label=\"Caracter\u00edsticas\">Conectividad<\/td>\n<td data-label=\"Especificaciones\">Wi-Fi 6E, Bluetooth\u00ae 5.3<\/td>\n<\/tr>\n<tr>\n<td data-label=\"Caracter\u00edsticas\">Puertos<\/td>\n<td data-label=\"Especificaciones\">\n                    &#8211; 2 x USB 4 Type-C Thunderbolt 4<br \/>\n                    &#8211; 2 x USB 3.2 Gen 1<br \/>\n                    &#8211; 1 x HDMI<br \/>\n                    &#8211; 1 x RJ-45<br \/>\n                    &#8211; Micro SD card reader\n                <\/td>\n<\/tr>\n<tr>\n<td data-label=\"Caracter\u00edsticas\">Teclado<\/td>\n<td data-label=\"Especificaciones\">Retroiluminado<\/td>\n<\/tr>\n<tr>\n<td data-label=\"Caracter\u00edsticas\">Bater\u00eda<\/td>\n<td data-label=\"Especificaciones\">53Wh Li-ion (hasta 13.5 horas)<\/td>\n<\/tr>\n<tr>\n<td data-label=\"Caracter\u00edsticas\">Adaptador<\/td>\n<td data-label=\"Especificaciones\">65W Type-C<\/td>\n<\/tr>\n<tr>\n<td data-label=\"Caracter\u00edsticas\">Dimensiones<\/td>\n<td data-label=\"Especificaciones\">319.9 x 235.4 x 19.95\/22.95 mm<\/td>\n<\/tr>\n<tr>\n<td data-label=\"Caracter\u00edsticas\">Peso<\/td>\n<td data-label=\"Especificaciones\">1.46 kg<\/td>\n<\/tr>\n<tr>\n<td data-label=\"Caracter\u00edsticas\">Color<\/td>\n<td data-label=\"Especificaciones\">Gris<\/td>\n<\/tr>\n<tr>\n<td data-label=\"Caracter\u00edsticas\">C\u00e1mara<\/td>\n<td data-label=\"Especificaciones\">HD TNR Camera<\/td>\n<\/tr>\n<\/tbody>\n<\/table>\n","protected":false},"excerpt":{"rendered":"<ul style=\"list-style-position: inside;\">\n<li>Disco duro 512 GB<\/li>\n<li>Memoria RAM 16 GB<\/li>\n<li>Pantalla 14&#8243;<\/li>\n<li>Procesador Intel Core i5<\/li>\n<\/ul>\n","protected":false},"featured_media":669,"comment_status":"open","ping_status":"closed","template":"","meta":{"site-sidebar-layout":"default","site-content-layout":"","ast-site-content-layout":"default","site-content-style":"default","site-sidebar-style":"default","ast-global-header-display":"","ast-banner-title-visibility":"","ast-main-header-display":"","ast-hfb-above-header-display":"","ast-hfb-below-header-display":"","ast-hfb-mobile-header-display":"","site-post-title":"","ast-breadcrumbs-content":"","ast-featured-img":"","footer-sml-layout":"","ast-disable-related-posts":"","theme-transparent-header-meta":"default","adv-header-id-meta":"","stick-header-meta":"","header-above-stick-meta":"","header-main-stick-meta":"","header-below-stick-meta":"","astra-migrate-meta-layouts":"set","ast-page-background-enabled":"default","ast-page-background-meta":{"desktop":{"background-color":"var(--ast-global-color-4)","background-image":"","background-repeat":"repeat","background-position":"center center","background-size":"auto","background-attachment":"scroll","background-type":"","background-media":"","overlay-type":"","overlay-color":"","overlay-opacity":"","overlay-gradient":""},"tablet":{"background-color":"","background-image":"","background-repeat":"repeat","background-position":"center center","background-size":"auto","background-attachment":"scroll","background-type":"","background-media":"","overlay-type":"","overlay-color":"","overlay-opacity":"","overlay-gradient":""},"mobile":{"background-color":"","background-image":"","background-repeat":"repeat","background-position":"center center","background-size":"auto","background-attachment":"scroll","background-type":"","background-media":"","overlay-type":"","overlay-color":"","overlay-opacity":"","overlay-gradient":""}},"ast-content-background-meta":{"desktop":{"background-color":"var(--ast-global-color-5)","background-image":"","background-repeat":"repeat","background-position":"center center","background-size":"auto","background-attachment":"scroll","background-type":"","background-media":"","overlay-type":"","overlay-color":"","overlay-opacity":"","overlay-gradient":""},"tablet":{"background-color":"var(--ast-global-color-5)","background-image":"","background-repeat":"repeat","background-position":"center center","background-size":"auto","background-attachment":"scroll","background-type":"","background-media":"","overlay-type":"","overlay-color":"","overlay-opacity":"","overlay-gradient":""},"mobile":{"background-color":"var(--ast-global-color-5)","background-image":"","background-repeat":"repeat","background-position":"center center","background-size":"auto","background-attachment":"scroll","background-type":"","background-media":"","overlay-type":"","overlay-color":"","overlay-opacity":"","overlay-gradient":""}}},"product_brand":[],"product_cat":[19],"product_tag":[25],"class_list":{"0":"post-673","1":"product","2":"type-product","3":"status-publish","4":"has-post-thumbnail","6":"product_cat-portatil","7":"product_tag-pc-bono","8":"desktop-align-left","9":"tablet-align-left","10":"mobile-align-left","12":"first","13":"instock","14":"sale","15":"taxable","16":"shipping-taxable","17":"purchasable","18":"product-type-simple"},"yoast_head":"<!-- This site is optimized with the Yoast SEO plugin v26.6 - https:\/\/yoast.com\/wordpress\/plugins\/seo\/ -->\n<title>Acer TravelMate P2-14 - Tienda PC<\/title>\n<meta name=\"description\" content=\"metadesripcion\" \/>\n<meta name=\"robots\" content=\"index, follow, max-snippet:-1, max-image-preview:large, max-video-preview:-1\" \/>\n<link rel=\"canonical\" href=\"https:\/\/www.desarte.es\/tienda-pc\/pc\/acer-travelmate-p2-14\/\" \/>\n<meta property=\"og:locale\" content=\"es_ES\" \/>\n<meta property=\"og:type\" content=\"article\" \/>\n<meta property=\"og:title\" content=\"Acer TravelMate P2-14 - Tienda PC\" \/>\n<meta property=\"og:description\" content=\"metadesripcion\" \/>\n<meta property=\"og:url\" content=\"https:\/\/www.desarte.es\/tienda-pc\/pc\/acer-travelmate-p2-14\/\" \/>\n<meta property=\"og:site_name\" content=\"Tienda PC\" \/>\n<meta property=\"article:modified_time\" content=\"2024-12-02T13:50:37+00:00\" \/>\n<meta property=\"og:image\" content=\"https:\/\/www.desarte.es\/tienda-pc\/wp-content\/uploads\/2024\/11\/TravelMate-P2-16-Intel-4.jpg\" \/>\n\t<meta property=\"og:image:width\" content=\"650\" \/>\n\t<meta property=\"og:image:height\" content=\"650\" \/>\n\t<meta property=\"og:image:type\" content=\"image\/jpeg\" \/>\n<meta name=\"twitter:card\" content=\"summary_large_image\" \/>\n<meta name=\"twitter:label1\" content=\"Tiempo de lectura\" \/>\n\t<meta name=\"twitter:data1\" content=\"1 minuto\" \/>\n<script type=\"application\/ld+json\" class=\"yoast-schema-graph\">{\"@context\":\"https:\/\/schema.org\",\"@graph\":[{\"@type\":\"WebPage\",\"@id\":\"https:\/\/www.desarte.es\/tienda-pc\/pc\/acer-travelmate-p2-14\/\",\"url\":\"https:\/\/www.desarte.es\/tienda-pc\/pc\/acer-travelmate-p2-14\/\",\"name\":\"Acer TravelMate P2-14 - Tienda PC\",\"isPartOf\":{\"@id\":\"https:\/\/www.desarte.es\/tienda-pc\/#website\"},\"primaryImageOfPage\":{\"@id\":\"https:\/\/www.desarte.es\/tienda-pc\/pc\/acer-travelmate-p2-14\/#primaryimage\"},\"image\":{\"@id\":\"https:\/\/www.desarte.es\/tienda-pc\/pc\/acer-travelmate-p2-14\/#primaryimage\"},\"thumbnailUrl\":\"https:\/\/www.desarte.es\/tienda-pc\/wp-content\/uploads\/2024\/11\/TravelMate-P2-16-Intel-4.jpg\",\"datePublished\":\"2024-12-01T20:51:24+00:00\",\"dateModified\":\"2024-12-02T13:50:37+00:00\",\"description\":\"metadesripcion\",\"breadcrumb\":{\"@id\":\"https:\/\/www.desarte.es\/tienda-pc\/pc\/acer-travelmate-p2-14\/#breadcrumb\"},\"inLanguage\":\"es\",\"potentialAction\":[{\"@type\":\"ReadAction\",\"target\":[\"https:\/\/www.desarte.es\/tienda-pc\/pc\/acer-travelmate-p2-14\/\"]}]},{\"@type\":\"ImageObject\",\"inLanguage\":\"es\",\"@id\":\"https:\/\/www.desarte.es\/tienda-pc\/pc\/acer-travelmate-p2-14\/#primaryimage\",\"url\":\"https:\/\/www.desarte.es\/tienda-pc\/wp-content\/uploads\/2024\/11\/TravelMate-P2-16-Intel-4.jpg\",\"contentUrl\":\"https:\/\/www.desarte.es\/tienda-pc\/wp-content\/uploads\/2024\/11\/TravelMate-P2-16-Intel-4.jpg\",\"width\":650,\"height\":650},{\"@type\":\"BreadcrumbList\",\"@id\":\"https:\/\/www.desarte.es\/tienda-pc\/pc\/acer-travelmate-p2-14\/#breadcrumb\",\"itemListElement\":[{\"@type\":\"ListItem\",\"position\":1,\"name\":\"Portada\",\"item\":\"https:\/\/www.desarte.es\/tienda-pc\/\"},{\"@type\":\"ListItem\",\"position\":2,\"name\":\"Tienda\",\"item\":\"https:\/\/www.desarte.es\/tienda-pc\/\"},{\"@type\":\"ListItem\",\"position\":3,\"name\":\"Acer TravelMate P2-14\"}]},{\"@type\":\"WebSite\",\"@id\":\"https:\/\/www.desarte.es\/tienda-pc\/#website\",\"url\":\"https:\/\/www.desarte.es\/tienda-pc\/\",\"name\":\"Tienda PC\",\"description\":\"\",\"publisher\":{\"@id\":\"https:\/\/www.desarte.es\/tienda-pc\/#organization\"},\"potentialAction\":[{\"@type\":\"SearchAction\",\"target\":{\"@type\":\"EntryPoint\",\"urlTemplate\":\"https:\/\/www.desarte.es\/tienda-pc\/?s={search_term_string}\"},\"query-input\":{\"@type\":\"PropertyValueSpecification\",\"valueRequired\":true,\"valueName\":\"search_term_string\"}}],\"inLanguage\":\"es\"},{\"@type\":\"Organization\",\"@id\":\"https:\/\/www.desarte.es\/tienda-pc\/#organization\",\"name\":\"Tienda PC\",\"url\":\"https:\/\/www.desarte.es\/tienda-pc\/\",\"logo\":{\"@type\":\"ImageObject\",\"inLanguage\":\"es\",\"@id\":\"https:\/\/www.desarte.es\/tienda-pc\/#\/schema\/logo\/image\/\",\"url\":\"https:\/\/www.desarte.es\/tienda-pc\/wp-content\/uploads\/2024\/12\/logo-Tienda-PC-01.png\",\"contentUrl\":\"https:\/\/www.desarte.es\/tienda-pc\/wp-content\/uploads\/2024\/12\/logo-Tienda-PC-01.png\",\"width\":377,\"height\":317,\"caption\":\"Tienda PC\"},\"image\":{\"@id\":\"https:\/\/www.desarte.es\/tienda-pc\/#\/schema\/logo\/image\/\"}}]}<\/script>\n<!-- \/ Yoast SEO plugin. -->","yoast_head_json":{"title":"Acer TravelMate P2-14 - Tienda PC","description":"metadesripcion","robots":{"index":"index","follow":"follow","max-snippet":"max-snippet:-1","max-image-preview":"max-image-preview:large","max-video-preview":"max-video-preview:-1"},"canonical":"https:\/\/www.desarte.es\/tienda-pc\/pc\/acer-travelmate-p2-14\/","og_locale":"es_ES","og_type":"article","og_title":"Acer TravelMate P2-14 - Tienda PC","og_description":"metadesripcion","og_url":"https:\/\/www.desarte.es\/tienda-pc\/pc\/acer-travelmate-p2-14\/","og_site_name":"Tienda PC","article_modified_time":"2024-12-02T13:50:37+00:00","og_image":[{"width":650,"height":650,"url":"https:\/\/www.desarte.es\/tienda-pc\/wp-content\/uploads\/2024\/11\/TravelMate-P2-16-Intel-4.jpg","type":"image\/jpeg"}],"twitter_card":"summary_large_image","twitter_misc":{"Tiempo de lectura":"1 minuto"},"schema":{"@context":"https:\/\/schema.org","@graph":[{"@type":"WebPage","@id":"https:\/\/www.desarte.es\/tienda-pc\/pc\/acer-travelmate-p2-14\/","url":"https:\/\/www.desarte.es\/tienda-pc\/pc\/acer-travelmate-p2-14\/","name":"Acer TravelMate P2-14 - Tienda PC","isPartOf":{"@id":"https:\/\/www.desarte.es\/tienda-pc\/#website"},"primaryImageOfPage":{"@id":"https:\/\/www.desarte.es\/tienda-pc\/pc\/acer-travelmate-p2-14\/#primaryimage"},"image":{"@id":"https:\/\/www.desarte.es\/tienda-pc\/pc\/acer-travelmate-p2-14\/#primaryimage"},"thumbnailUrl":"https:\/\/www.desarte.es\/tienda-pc\/wp-content\/uploads\/2024\/11\/TravelMate-P2-16-Intel-4.jpg","datePublished":"2024-12-01T20:51:24+00:00","dateModified":"2024-12-02T13:50:37+00:00","description":"metadesripcion","breadcrumb":{"@id":"https:\/\/www.desarte.es\/tienda-pc\/pc\/acer-travelmate-p2-14\/#breadcrumb"},"inLanguage":"es","potentialAction":[{"@type":"ReadAction","target":["https:\/\/www.desarte.es\/tienda-pc\/pc\/acer-travelmate-p2-14\/"]}]},{"@type":"ImageObject","inLanguage":"es","@id":"https:\/\/www.desarte.es\/tienda-pc\/pc\/acer-travelmate-p2-14\/#primaryimage","url":"https:\/\/www.desarte.es\/tienda-pc\/wp-content\/uploads\/2024\/11\/TravelMate-P2-16-Intel-4.jpg","contentUrl":"https:\/\/www.desarte.es\/tienda-pc\/wp-content\/uploads\/2024\/11\/TravelMate-P2-16-Intel-4.jpg","width":650,"height":650},{"@type":"BreadcrumbList","@id":"https:\/\/www.desarte.es\/tienda-pc\/pc\/acer-travelmate-p2-14\/#breadcrumb","itemListElement":[{"@type":"ListItem","position":1,"name":"Portada","item":"https:\/\/www.desarte.es\/tienda-pc\/"},{"@type":"ListItem","position":2,"name":"Tienda","item":"https:\/\/www.desarte.es\/tienda-pc\/"},{"@type":"ListItem","position":3,"name":"Acer TravelMate P2-14"}]},{"@type":"WebSite","@id":"https:\/\/www.desarte.es\/tienda-pc\/#website","url":"https:\/\/www.desarte.es\/tienda-pc\/","name":"Tienda PC","description":"","publisher":{"@id":"https:\/\/www.desarte.es\/tienda-pc\/#organization"},"potentialAction":[{"@type":"SearchAction","target":{"@type":"EntryPoint","urlTemplate":"https:\/\/www.desarte.es\/tienda-pc\/?s={search_term_string}"},"query-input":{"@type":"PropertyValueSpecification","valueRequired":true,"valueName":"search_term_string"}}],"inLanguage":"es"},{"@type":"Organization","@id":"https:\/\/www.desarte.es\/tienda-pc\/#organization","name":"Tienda PC","url":"https:\/\/www.desarte.es\/tienda-pc\/","logo":{"@type":"ImageObject","inLanguage":"es","@id":"https:\/\/www.desarte.es\/tienda-pc\/#\/schema\/logo\/image\/","url":"https:\/\/www.desarte.es\/tienda-pc\/wp-content\/uploads\/2024\/12\/logo-Tienda-PC-01.png","contentUrl":"https:\/\/www.desarte.es\/tienda-pc\/wp-content\/uploads\/2024\/12\/logo-Tienda-PC-01.png","width":377,"height":317,"caption":"Tienda PC"},"image":{"@id":"https:\/\/www.desarte.es\/tienda-pc\/#\/schema\/logo\/image\/"}}]}},"_links":{"self":[{"href":"https:\/\/www.desarte.es\/tienda-pc\/wp-json\/wp\/v2\/product\/673","targetHints":{"allow":["GET"]}}],"collection":[{"href":"https:\/\/www.desarte.es\/tienda-pc\/wp-json\/wp\/v2\/product"}],"about":[{"href":"https:\/\/www.desarte.es\/tienda-pc\/wp-json\/wp\/v2\/types\/product"}],"replies":[{"embeddable":true,"href":"https:\/\/www.desarte.es\/tienda-pc\/wp-json\/wp\/v2\/comments?post=673"}],"wp:featuredmedia":[{"embeddable":true,"href":"https:\/\/www.desarte.es\/tienda-pc\/wp-json\/wp\/v2\/media\/669"}],"wp:attachment":[{"href":"https:\/\/www.desarte.es\/tienda-pc\/wp-json\/wp\/v2\/media?parent=673"}],"wp:term":[{"taxonomy":"product_brand","embeddable":true,"href":"https:\/\/www.desarte.es\/tienda-pc\/wp-json\/wp\/v2\/product_brand?post=673"},{"taxonomy":"product_cat","embeddable":true,"href":"https:\/\/www.desarte.es\/tienda-pc\/wp-json\/wp\/v2\/product_cat?post=673"},{"taxonomy":"product_tag","embeddable":true,"href":"https:\/\/www.desarte.es\/tienda-pc\/wp-json\/wp\/v2\/product_tag?post=673"}],"curies":[{"name":"wp","href":"https:\/\/api.w.org\/{rel}","templated":true}]}}