{"id":692,"date":"2024-12-02T11:28:25","date_gmt":"2024-12-02T11:28:25","guid":{"rendered":"https:\/\/www.desarte.es\/tienda-pc\/?post_type=product&#038;p=692"},"modified":"2024-12-02T13:49:22","modified_gmt":"2024-12-02T13:49:22","slug":"hp-elitebook-645-g11-r5-7535u-pro","status":"publish","type":"product","link":"https:\/\/www.desarte.es\/tienda-pc\/pc\/hp-elitebook-645-g11-r5-7535u-pro\/","title":{"rendered":"HP EliteBook 645 G11 R5-7535U PRO"},"content":{"rendered":"<div class=\"responsive-table\">\n<table>\n<thead>\n<tr>\n<th colspan=\"2\">Especificaciones del Producto<\/th>\n<\/tr>\n<\/thead>\n<tbody>\n<tr>\n<td><strong>Sistema operativo<\/strong><\/td>\n<td>Windows 11 Pro<\/td>\n<\/tr>\n<tr>\n<td><strong>Familia del procesador<\/strong><\/td>\n<td>Procesador AMD Ryzen\u2122 5 PRO<\/td>\n<\/tr>\n<tr>\n<td><strong>Procesador<\/strong><\/td>\n<td>AMD Ryzen\u2122 5 PRO 7535U (hasta 4,5 GHz, 16 MB de cach\u00e9 L3, 6 n\u00facleos, 12 subprocesos)<\/td>\n<\/tr>\n<tr>\n<td><strong>Memoria, est\u00e1ndar<\/strong><\/td>\n<td>16 GB DDR5-4800 MT\/s (1 x 16 GB)<\/td>\n<\/tr>\n<tr>\n<td><strong>Nota sobre la memoria<\/strong><\/td>\n<td>Velocidades de transferencia de hasta 4800 MT\/s.<\/td>\n<\/tr>\n<tr>\n<td><strong>Dise\u00f1o de memoria<\/strong><\/td>\n<td>1 x 16 GB<\/td>\n<\/tr>\n<tr>\n<td><strong>Ranuras de memoria<\/strong><\/td>\n<td>2 SODIMM<\/td>\n<\/tr>\n<tr>\n<td><strong>Pantalla t\u00e1ctil<\/strong><\/td>\n<td>No<\/td>\n<\/tr>\n<tr>\n<td><strong>Pantalla<\/strong><\/td>\n<td>WUXGA (1920 x 1200) de 14\u2033, IPS, bisel estrecho, antirreflectante, 300 nits, 45 % NTSC<\/td>\n<\/tr>\n<tr>\n<td><strong>Gr\u00e1ficos (integrados)<\/strong><\/td>\n<td>Gr\u00e1ficos AMD Radeon\u2122<\/td>\n<\/tr>\n<tr>\n<td><strong>C\u00e1mara<\/strong><\/td>\n<td>C\u00e1mara FHD 1080p<\/td>\n<\/tr>\n<tr>\n<td><strong>Sonido<\/strong><\/td>\n<td>Audio de Poly Studio, altavoces est\u00e9reo duales con amplificadores independientes y micr\u00f3fonos de matriz dual integrados<\/td>\n<\/tr>\n<tr>\n<td><strong>Teclado<\/strong><\/td>\n<td>Teclado resistente a salpicaduras, retroiluminado opcional, con DuraKeys<\/td>\n<\/tr>\n<tr>\n<td><strong>Dispositivo se\u00f1alador<\/strong><\/td>\n<td>Clickpad compatible con gestos multit\u00e1ctiles<\/td>\n<\/tr>\n<tr>\n<td><strong>Sensores<\/strong><\/td>\n<td>\n<ul>\n<li>Sensor t\u00e9rmico<\/li>\n<li>Bloqueo frente a manipulaciones de HP<\/li>\n<li>Sensor de efecto sala<\/li>\n<\/ul>\n<\/td>\n<\/tr>\n<tr>\n<td><strong>Peso<\/strong><\/td>\n<td>A partir de 1,39 kg<\/td>\n<\/tr>\n<tr>\n<td><strong>Color del producto<\/strong><\/td>\n<td>Pike silver<\/td>\n<\/tr>\n<tr>\n<td><strong>Dimensiones m\u00ednimas<\/strong><\/td>\n<td>31,86 x 22,44 x 1,09 cm (frontal); 31,86 x 22,43 x 1,7 cm (trasera)<\/td>\n<\/tr>\n<tr>\n<td><strong>Dimensiones del embalaje<\/strong><\/td>\n<td>6,9 x 44,9 x 30,5 cm<\/td>\n<\/tr>\n<tr>\n<td><strong>Potencia<\/strong><\/td>\n<td>Adaptador USB Type-C\u2122 de 65 W<\/td>\n<\/tr>\n<tr>\n<td><strong>Tipo de bater\u00eda<\/strong><\/td>\n<td>3 celdas de larga duraci\u00f3n HP, pol\u00edmero de ion-litio 56 Wh<\/td>\n<\/tr>\n<tr>\n<td><strong>Nota sobre la bater\u00eda<\/strong><\/td>\n<td>Carga r\u00e1pida del 50 % en 30 minutos. Requiere mantenimiento por garant\u00eda.<\/td>\n<\/tr>\n<tr>\n<td><strong>Garant\u00eda<\/strong><\/td>\n<td>1 a\u00f1o (piezas y mano de obra). Restricciones aplican seg\u00fan el pa\u00eds.<\/td>\n<\/tr>\n<tr>\n<td><strong>Servicio de asistencia<\/strong><\/td>\n<td>1 a\u00f1o de HP Wolf Pro Security Edition.<\/td>\n<\/tr>\n<tr>\n<td><strong>Puertos<\/strong><\/td>\n<td>\n<ul>\n<li>2 USB Type-C\u00ae (40 Gbps, DisplayPort\u2122 1.4)<\/li>\n<li>2 USB Type-A (5 Gbps, 1 de carga)<\/li>\n<li>1 HDMI 2.1<\/li>\n<li>1 conector combinado de auriculares\/micr\u00f3fono<\/li>\n<li>1 RJ-45<\/li>\n<li>1 lector de tarjetas inteligente<\/li>\n<\/ul>\n<\/td>\n<\/tr>\n<tr>\n<td><strong>Inal\u00e1mbrico<\/strong><\/td>\n<td>MediaTek Wi-Fi 6E RZ616 (2&#215;2) y Bluetooth\u00ae 5.3<\/td>\n<\/tr>\n<tr>\n<td><strong>Lector de huellas digitales<\/strong><\/td>\n<td>Sensor de huellas dactilares<\/td>\n<\/tr>\n<tr>\n<td><strong>Licencias de software de seguridad<\/strong><\/td>\n<td>HP Wolf Pro Security Edition (1 a\u00f1o)<\/td>\n<\/tr>\n<\/tbody>\n<\/table>\n<\/div>\n","protected":false},"excerpt":{"rendered":"<ul style=\"list-style-position: inside;\">\n<li>Disco duro 512 GB<\/li>\n<li>Memoria RAM 16 GB<\/li>\n<li>Pantalla 14&#8243;<\/li>\n<li>Procesador AMD Ryzen R5-7535U PRO<\/li>\n<\/ul>\n","protected":false},"featured_media":543,"comment_status":"open","ping_status":"closed","template":"","meta":{"site-sidebar-layout":"default","site-content-layout":"","ast-site-content-layout":"default","site-content-style":"default","site-sidebar-style":"default","ast-global-header-display":"","ast-banner-title-visibility":"","ast-main-header-display":"","ast-hfb-above-header-display":"","ast-hfb-below-header-display":"","ast-hfb-mobile-header-display":"","site-post-title":"","ast-breadcrumbs-content":"","ast-featured-img":"","footer-sml-layout":"","ast-disable-related-posts":"","theme-transparent-header-meta":"default","adv-header-id-meta":"","stick-header-meta":"","header-above-stick-meta":"","header-main-stick-meta":"","header-below-stick-meta":"","astra-migrate-meta-layouts":"set","ast-page-background-enabled":"default","ast-page-background-meta":{"desktop":{"background-color":"var(--ast-global-color-4)","background-image":"","background-repeat":"repeat","background-position":"center center","background-size":"auto","background-attachment":"scroll","background-type":"","background-media":"","overlay-type":"","overlay-color":"","overlay-opacity":"","overlay-gradient":""},"tablet":{"background-color":"","background-image":"","background-repeat":"repeat","background-position":"center center","background-size":"auto","background-attachment":"scroll","background-type":"","background-media":"","overlay-type":"","overlay-color":"","overlay-opacity":"","overlay-gradient":""},"mobile":{"background-color":"","background-image":"","background-repeat":"repeat","background-position":"center center","background-size":"auto","background-attachment":"scroll","background-type":"","background-media":"","overlay-type":"","overlay-color":"","overlay-opacity":"","overlay-gradient":""}},"ast-content-background-meta":{"desktop":{"background-color":"var(--ast-global-color-5)","background-image":"","background-repeat":"repeat","background-position":"center center","background-size":"auto","background-attachment":"scroll","background-type":"","background-media":"","overlay-type":"","overlay-color":"","overlay-opacity":"","overlay-gradient":""},"tablet":{"background-color":"var(--ast-global-color-5)","background-image":"","background-repeat":"repeat","background-position":"center center","background-size":"auto","background-attachment":"scroll","background-type":"","background-media":"","overlay-type":"","overlay-color":"","overlay-opacity":"","overlay-gradient":""},"mobile":{"background-color":"var(--ast-global-color-5)","background-image":"","background-repeat":"repeat","background-position":"center center","background-size":"auto","background-attachment":"scroll","background-type":"","background-media":"","overlay-type":"","overlay-color":"","overlay-opacity":"","overlay-gradient":""}}},"product_brand":[],"product_cat":[19],"product_tag":[25],"class_list":{"0":"post-692","1":"product","2":"type-product","3":"status-publish","4":"has-post-thumbnail","6":"product_cat-portatil","7":"product_tag-pc-bono","8":"desktop-align-left","9":"tablet-align-left","10":"mobile-align-left","12":"first","13":"instock","14":"sale","15":"taxable","16":"shipping-taxable","17":"purchasable","18":"product-type-simple"},"yoast_head":"<!-- This site is optimized with the Yoast SEO plugin v26.6 - https:\/\/yoast.com\/wordpress\/plugins\/seo\/ -->\n<title>HP EliteBook 645 G11 R5-7535U PRO - Tienda PC<\/title>\n<meta name=\"description\" content=\"metadesripcion\" \/>\n<meta name=\"robots\" content=\"index, follow, max-snippet:-1, max-image-preview:large, max-video-preview:-1\" \/>\n<link rel=\"canonical\" href=\"https:\/\/www.desarte.es\/tienda-pc\/pc\/hp-elitebook-645-g11-r5-7535u-pro\/\" \/>\n<meta property=\"og:locale\" content=\"es_ES\" \/>\n<meta property=\"og:type\" content=\"article\" \/>\n<meta property=\"og:title\" content=\"HP EliteBook 645 G11 R5-7535U PRO - Tienda PC\" \/>\n<meta property=\"og:description\" content=\"metadesripcion\" \/>\n<meta property=\"og:url\" content=\"https:\/\/www.desarte.es\/tienda-pc\/pc\/hp-elitebook-645-g11-r5-7535u-pro\/\" \/>\n<meta property=\"og:site_name\" content=\"Tienda PC\" \/>\n<meta property=\"article:modified_time\" content=\"2024-12-02T13:49:22+00:00\" \/>\n<meta property=\"og:image\" content=\"https:\/\/www.desarte.es\/tienda-pc\/wp-content\/uploads\/2024\/11\/PC-HP-G11-_3.jpg\" \/>\n\t<meta property=\"og:image:width\" content=\"650\" \/>\n\t<meta property=\"og:image:height\" content=\"650\" \/>\n\t<meta property=\"og:image:type\" content=\"image\/jpeg\" \/>\n<meta name=\"twitter:card\" content=\"summary_large_image\" \/>\n<meta name=\"twitter:label1\" content=\"Tiempo de lectura\" \/>\n\t<meta name=\"twitter:data1\" content=\"2 minutos\" \/>\n<script type=\"application\/ld+json\" class=\"yoast-schema-graph\">{\"@context\":\"https:\/\/schema.org\",\"@graph\":[{\"@type\":\"WebPage\",\"@id\":\"https:\/\/www.desarte.es\/tienda-pc\/pc\/hp-elitebook-645-g11-r5-7535u-pro\/\",\"url\":\"https:\/\/www.desarte.es\/tienda-pc\/pc\/hp-elitebook-645-g11-r5-7535u-pro\/\",\"name\":\"HP EliteBook 645 G11 R5-7535U PRO - Tienda PC\",\"isPartOf\":{\"@id\":\"https:\/\/www.desarte.es\/tienda-pc\/#website\"},\"primaryImageOfPage\":{\"@id\":\"https:\/\/www.desarte.es\/tienda-pc\/pc\/hp-elitebook-645-g11-r5-7535u-pro\/#primaryimage\"},\"image\":{\"@id\":\"https:\/\/www.desarte.es\/tienda-pc\/pc\/hp-elitebook-645-g11-r5-7535u-pro\/#primaryimage\"},\"thumbnailUrl\":\"https:\/\/www.desarte.es\/tienda-pc\/wp-content\/uploads\/2024\/11\/PC-HP-G11-_3.jpg\",\"datePublished\":\"2024-12-02T11:28:25+00:00\",\"dateModified\":\"2024-12-02T13:49:22+00:00\",\"description\":\"metadesripcion\",\"breadcrumb\":{\"@id\":\"https:\/\/www.desarte.es\/tienda-pc\/pc\/hp-elitebook-645-g11-r5-7535u-pro\/#breadcrumb\"},\"inLanguage\":\"es\",\"potentialAction\":[{\"@type\":\"ReadAction\",\"target\":[\"https:\/\/www.desarte.es\/tienda-pc\/pc\/hp-elitebook-645-g11-r5-7535u-pro\/\"]}]},{\"@type\":\"ImageObject\",\"inLanguage\":\"es\",\"@id\":\"https:\/\/www.desarte.es\/tienda-pc\/pc\/hp-elitebook-645-g11-r5-7535u-pro\/#primaryimage\",\"url\":\"https:\/\/www.desarte.es\/tienda-pc\/wp-content\/uploads\/2024\/11\/PC-HP-G11-_3.jpg\",\"contentUrl\":\"https:\/\/www.desarte.es\/tienda-pc\/wp-content\/uploads\/2024\/11\/PC-HP-G11-_3.jpg\",\"width\":650,\"height\":650},{\"@type\":\"BreadcrumbList\",\"@id\":\"https:\/\/www.desarte.es\/tienda-pc\/pc\/hp-elitebook-645-g11-r5-7535u-pro\/#breadcrumb\",\"itemListElement\":[{\"@type\":\"ListItem\",\"position\":1,\"name\":\"Portada\",\"item\":\"https:\/\/www.desarte.es\/tienda-pc\/\"},{\"@type\":\"ListItem\",\"position\":2,\"name\":\"Tienda\",\"item\":\"https:\/\/www.desarte.es\/tienda-pc\/\"},{\"@type\":\"ListItem\",\"position\":3,\"name\":\"HP EliteBook 645 G11 R5-7535U PRO\"}]},{\"@type\":\"WebSite\",\"@id\":\"https:\/\/www.desarte.es\/tienda-pc\/#website\",\"url\":\"https:\/\/www.desarte.es\/tienda-pc\/\",\"name\":\"Tienda PC\",\"description\":\"\",\"publisher\":{\"@id\":\"https:\/\/www.desarte.es\/tienda-pc\/#organization\"},\"potentialAction\":[{\"@type\":\"SearchAction\",\"target\":{\"@type\":\"EntryPoint\",\"urlTemplate\":\"https:\/\/www.desarte.es\/tienda-pc\/?s={search_term_string}\"},\"query-input\":{\"@type\":\"PropertyValueSpecification\",\"valueRequired\":true,\"valueName\":\"search_term_string\"}}],\"inLanguage\":\"es\"},{\"@type\":\"Organization\",\"@id\":\"https:\/\/www.desarte.es\/tienda-pc\/#organization\",\"name\":\"Tienda PC\",\"url\":\"https:\/\/www.desarte.es\/tienda-pc\/\",\"logo\":{\"@type\":\"ImageObject\",\"inLanguage\":\"es\",\"@id\":\"https:\/\/www.desarte.es\/tienda-pc\/#\/schema\/logo\/image\/\",\"url\":\"https:\/\/www.desarte.es\/tienda-pc\/wp-content\/uploads\/2024\/12\/logo-Tienda-PC-01.png\",\"contentUrl\":\"https:\/\/www.desarte.es\/tienda-pc\/wp-content\/uploads\/2024\/12\/logo-Tienda-PC-01.png\",\"width\":377,\"height\":317,\"caption\":\"Tienda PC\"},\"image\":{\"@id\":\"https:\/\/www.desarte.es\/tienda-pc\/#\/schema\/logo\/image\/\"}}]}<\/script>\n<!-- \/ Yoast SEO plugin. -->","yoast_head_json":{"title":"HP EliteBook 645 G11 R5-7535U PRO - Tienda PC","description":"metadesripcion","robots":{"index":"index","follow":"follow","max-snippet":"max-snippet:-1","max-image-preview":"max-image-preview:large","max-video-preview":"max-video-preview:-1"},"canonical":"https:\/\/www.desarte.es\/tienda-pc\/pc\/hp-elitebook-645-g11-r5-7535u-pro\/","og_locale":"es_ES","og_type":"article","og_title":"HP EliteBook 645 G11 R5-7535U PRO - Tienda PC","og_description":"metadesripcion","og_url":"https:\/\/www.desarte.es\/tienda-pc\/pc\/hp-elitebook-645-g11-r5-7535u-pro\/","og_site_name":"Tienda PC","article_modified_time":"2024-12-02T13:49:22+00:00","og_image":[{"width":650,"height":650,"url":"https:\/\/www.desarte.es\/tienda-pc\/wp-content\/uploads\/2024\/11\/PC-HP-G11-_3.jpg","type":"image\/jpeg"}],"twitter_card":"summary_large_image","twitter_misc":{"Tiempo de lectura":"2 minutos"},"schema":{"@context":"https:\/\/schema.org","@graph":[{"@type":"WebPage","@id":"https:\/\/www.desarte.es\/tienda-pc\/pc\/hp-elitebook-645-g11-r5-7535u-pro\/","url":"https:\/\/www.desarte.es\/tienda-pc\/pc\/hp-elitebook-645-g11-r5-7535u-pro\/","name":"HP EliteBook 645 G11 R5-7535U PRO - Tienda PC","isPartOf":{"@id":"https:\/\/www.desarte.es\/tienda-pc\/#website"},"primaryImageOfPage":{"@id":"https:\/\/www.desarte.es\/tienda-pc\/pc\/hp-elitebook-645-g11-r5-7535u-pro\/#primaryimage"},"image":{"@id":"https:\/\/www.desarte.es\/tienda-pc\/pc\/hp-elitebook-645-g11-r5-7535u-pro\/#primaryimage"},"thumbnailUrl":"https:\/\/www.desarte.es\/tienda-pc\/wp-content\/uploads\/2024\/11\/PC-HP-G11-_3.jpg","datePublished":"2024-12-02T11:28:25+00:00","dateModified":"2024-12-02T13:49:22+00:00","description":"metadesripcion","breadcrumb":{"@id":"https:\/\/www.desarte.es\/tienda-pc\/pc\/hp-elitebook-645-g11-r5-7535u-pro\/#breadcrumb"},"inLanguage":"es","potentialAction":[{"@type":"ReadAction","target":["https:\/\/www.desarte.es\/tienda-pc\/pc\/hp-elitebook-645-g11-r5-7535u-pro\/"]}]},{"@type":"ImageObject","inLanguage":"es","@id":"https:\/\/www.desarte.es\/tienda-pc\/pc\/hp-elitebook-645-g11-r5-7535u-pro\/#primaryimage","url":"https:\/\/www.desarte.es\/tienda-pc\/wp-content\/uploads\/2024\/11\/PC-HP-G11-_3.jpg","contentUrl":"https:\/\/www.desarte.es\/tienda-pc\/wp-content\/uploads\/2024\/11\/PC-HP-G11-_3.jpg","width":650,"height":650},{"@type":"BreadcrumbList","@id":"https:\/\/www.desarte.es\/tienda-pc\/pc\/hp-elitebook-645-g11-r5-7535u-pro\/#breadcrumb","itemListElement":[{"@type":"ListItem","position":1,"name":"Portada","item":"https:\/\/www.desarte.es\/tienda-pc\/"},{"@type":"ListItem","position":2,"name":"Tienda","item":"https:\/\/www.desarte.es\/tienda-pc\/"},{"@type":"ListItem","position":3,"name":"HP EliteBook 645 G11 R5-7535U PRO"}]},{"@type":"WebSite","@id":"https:\/\/www.desarte.es\/tienda-pc\/#website","url":"https:\/\/www.desarte.es\/tienda-pc\/","name":"Tienda PC","description":"","publisher":{"@id":"https:\/\/www.desarte.es\/tienda-pc\/#organization"},"potentialAction":[{"@type":"SearchAction","target":{"@type":"EntryPoint","urlTemplate":"https:\/\/www.desarte.es\/tienda-pc\/?s={search_term_string}"},"query-input":{"@type":"PropertyValueSpecification","valueRequired":true,"valueName":"search_term_string"}}],"inLanguage":"es"},{"@type":"Organization","@id":"https:\/\/www.desarte.es\/tienda-pc\/#organization","name":"Tienda PC","url":"https:\/\/www.desarte.es\/tienda-pc\/","logo":{"@type":"ImageObject","inLanguage":"es","@id":"https:\/\/www.desarte.es\/tienda-pc\/#\/schema\/logo\/image\/","url":"https:\/\/www.desarte.es\/tienda-pc\/wp-content\/uploads\/2024\/12\/logo-Tienda-PC-01.png","contentUrl":"https:\/\/www.desarte.es\/tienda-pc\/wp-content\/uploads\/2024\/12\/logo-Tienda-PC-01.png","width":377,"height":317,"caption":"Tienda PC"},"image":{"@id":"https:\/\/www.desarte.es\/tienda-pc\/#\/schema\/logo\/image\/"}}]}},"_links":{"self":[{"href":"https:\/\/www.desarte.es\/tienda-pc\/wp-json\/wp\/v2\/product\/692","targetHints":{"allow":["GET"]}}],"collection":[{"href":"https:\/\/www.desarte.es\/tienda-pc\/wp-json\/wp\/v2\/product"}],"about":[{"href":"https:\/\/www.desarte.es\/tienda-pc\/wp-json\/wp\/v2\/types\/product"}],"replies":[{"embeddable":true,"href":"https:\/\/www.desarte.es\/tienda-pc\/wp-json\/wp\/v2\/comments?post=692"}],"wp:featuredmedia":[{"embeddable":true,"href":"https:\/\/www.desarte.es\/tienda-pc\/wp-json\/wp\/v2\/media\/543"}],"wp:attachment":[{"href":"https:\/\/www.desarte.es\/tienda-pc\/wp-json\/wp\/v2\/media?parent=692"}],"wp:term":[{"taxonomy":"product_brand","embeddable":true,"href":"https:\/\/www.desarte.es\/tienda-pc\/wp-json\/wp\/v2\/product_brand?post=692"},{"taxonomy":"product_cat","embeddable":true,"href":"https:\/\/www.desarte.es\/tienda-pc\/wp-json\/wp\/v2\/product_cat?post=692"},{"taxonomy":"product_tag","embeddable":true,"href":"https:\/\/www.desarte.es\/tienda-pc\/wp-json\/wp\/v2\/product_tag?post=692"}],"curies":[{"name":"wp","href":"https:\/\/api.w.org\/{rel}","templated":true}]}}